{"id":2147,"date":"2026-02-15T17:42:10","date_gmt":"2026-02-15T10:42:10","guid":{"rendered":"https:\/\/wsa-bangkok.com\/?post_type=product&#038;p=2147"},"modified":"2026-02-15T18:03:26","modified_gmt":"2026-02-15T11:03:26","slug":"champagne-ruinart-rose-75cl","status":"publish","type":"product","link":"https:\/\/wsa-bangkok.com\/th\/product\/champagne-ruinart-rose-75cl\/","title":{"rendered":"Champagne Ruinart Rose 75cl."},"content":{"rendered":"<h2 data-start=\"0\" data-end=\"31\">\u0e1a\u0e31\u0e19\u0e17\u0e36\u0e01\u0e01\u0e32\u0e23\u0e0a\u0e34\u0e21 (Tasting Notes)<\/h2>\n<p data-start=\"33\" data-end=\"175\"><strong data-start=\"33\" data-end=\"63\">\u0e25\u0e31\u0e01\u0e29\u0e13\u0e30\u0e20\u0e32\u0e22\u0e19\u0e2d\u0e01 (Appearance):<\/strong><br data-start=\"63\" data-end=\"66\" \/><span class=\"hover:entity-accent entity-underline inline cursor-pointer align-baseline\"><span class=\"whitespace-normal\">Ruinart<\/span><\/span> Ros\u00e9 \u0e21\u0e35\u0e2a\u0e35\u0e2a\u0e31\u0e19\u0e42\u0e17\u0e19\u0e1b\u0e30\u0e01\u0e32\u0e23\u0e31\u0e07 (Coral) \u0e41\u0e25\u0e30\u0e44\u0e21\u0e49\u0e42\u0e23\u0e2a\u0e27\u0e39\u0e14 (Rosewood) \u0e17\u0e35\u0e48\u0e2a\u0e27\u0e22\u0e07\u0e32\u0e21\u0e42\u0e14\u0e14\u0e40\u0e14\u0e48\u0e19<\/p>\n<p data-start=\"177\" data-end=\"437\"><strong data-start=\"177\" data-end=\"202\">\u0e01\u0e25\u0e34\u0e48\u0e19 (Nose \/ Aroma):<\/strong><br data-start=\"202\" data-end=\"205\" \/>\u0e2a\u0e31\u0e21\u0e1c\u0e31\u0e2a\u0e41\u0e23\u0e01\u0e40\u0e1c\u0e22\u0e01\u0e25\u0e34\u0e48\u0e19\u0e2b\u0e2d\u0e21\u0e40\u0e02\u0e49\u0e21\u0e02\u0e49\u0e19\u0e02\u0e2d\u0e07\u0e1c\u0e25\u0e44\u0e21\u0e49\u0e40\u0e21\u0e37\u0e2d\u0e07\u0e23\u0e49\u0e2d\u0e19 \u0e40\u0e0a\u0e48\u0e19 \u0e17\u0e31\u0e1a\u0e17\u0e34\u0e21 \u0e25\u0e34\u0e49\u0e19\u0e08\u0e35\u0e48 \u0e41\u0e25\u0e30\u0e1d\u0e23\u0e31\u0e48\u0e07 \u0e1c\u0e2a\u0e32\u0e19\u0e01\u0e31\u0e1a\u0e01\u0e25\u0e34\u0e48\u0e19\u0e14\u0e2d\u0e01\u0e01\u0e38\u0e2b\u0e25\u0e32\u0e1a\u0e41\u0e25\u0e30\u0e1c\u0e25\u0e44\u0e21\u0e49\u0e15\u0e23\u0e30\u0e01\u0e39\u0e25\u0e40\u0e1a\u0e2d\u0e23\u0e4c\u0e23\u0e35\u0e2a\u0e35\u0e41\u0e14\u0e07\u0e2a\u0e14\u0e43\u0e2b\u0e21\u0e48 \u0e01\u0e25\u0e34\u0e48\u0e19\u0e23\u0e2d\u0e07 (Secondary aromas) \u0e43\u0e2b\u0e49\u0e42\u0e17\u0e19\u0e2d\u0e38\u0e48\u0e19\u0e02\u0e2d\u0e07\u0e40\u0e04\u0e23\u0e37\u0e48\u0e2d\u0e07\u0e40\u0e17\u0e28 \u0e40\u0e0a\u0e48\u0e19 \u0e16\u0e31\u0e48\u0e27\u0e15\u0e2d\u0e07\u0e01\u0e32 (Tonka bean) \u0e41\u0e25\u0e30\u0e25\u0e39\u0e01\u0e08\u0e31\u0e19\u0e17\u0e19\u0e4c\u0e40\u0e17\u0e28 (Nutmeg)<\/p>\n<p data-start=\"439\" data-end=\"606\"><strong data-start=\"439\" data-end=\"461\">\u0e23\u0e2a\u0e2a\u0e31\u0e21\u0e1c\u0e31\u0e2a (Palate):<\/strong><br data-start=\"461\" data-end=\"464\" \/>\u0e04\u0e39\u0e40\u0e27\u0e48\u0e23\u0e38\u0e48\u0e19\u0e19\u0e35\u0e49\u0e42\u0e14\u0e14\u0e40\u0e14\u0e48\u0e19\u0e14\u0e49\u0e27\u0e22\u0e04\u0e27\u0e32\u0e21\u0e2a\u0e14\u0e0a\u0e37\u0e48\u0e19 \u0e04\u0e27\u0e1a\u0e04\u0e39\u0e48\u0e01\u0e31\u0e1a\u0e42\u0e04\u0e23\u0e07\u0e2a\u0e23\u0e49\u0e32\u0e07\u0e17\u0e35\u0e48\u0e1b\u0e23\u0e30\u0e13\u0e35\u0e15\u0e41\u0e25\u0e30\u0e04\u0e27\u0e32\u0e21\u0e01\u0e25\u0e21\u0e01\u0e25\u0e48\u0e2d\u0e21\u0e25\u0e30\u0e21\u0e38\u0e19 \u0e1b\u0e34\u0e14\u0e17\u0e49\u0e32\u0e22\u0e2d\u0e22\u0e48\u0e32\u0e07\u0e2a\u0e07\u0e48\u0e32\u0e07\u0e32\u0e21\u0e14\u0e49\u0e27\u0e22\u0e42\u0e19\u0e49\u0e15\u0e02\u0e2d\u0e07\u0e40\u0e1b\u0e1b\u0e40\u0e1b\u0e2d\u0e23\u0e4c\u0e21\u0e34\u0e19\u0e15\u0e4c\u0e41\u0e25\u0e30\u0e40\u0e01\u0e23\u0e1b\u0e1f\u0e23\u0e38\u0e15\u0e2a\u0e35\u0e0a\u0e21\u0e1e\u0e39<\/p>\n<hr data-start=\"608\" data-end=\"611\" \/>\n<h2 data-start=\"613\" data-end=\"656\">\u0e01\u0e32\u0e23\u0e08\u0e31\u0e1a\u0e04\u0e39\u0e48\u0e01\u0e31\u0e1a\u0e2d\u0e32\u0e2b\u0e32\u0e23 (Food &amp; Wine Pairings)<\/h2>\n<p data-start=\"658\" data-end=\"875\">\u0e40\u0e0a\u0e1f\u0e1b\u0e23\u0e30\u0e08\u0e33\u0e1a\u0e49\u0e32\u0e19 Val\u00e9rie Radou \u0e41\u0e25\u0e30\u0e2d\u0e14\u0e35\u0e15 Cellar Master Fr\u00e9d\u00e9ric Pana\u00efotis \u0e41\u0e19\u0e30\u0e19\u0e33\u0e43\u0e2b\u0e49\u0e08\u0e31\u0e1a\u0e04\u0e39\u0e48\u0e41\u0e0a\u0e21\u0e40\u0e1b\u0e0d\u0e23\u0e38\u0e48\u0e19\u0e19\u0e35\u0e49\u0e01\u0e31\u0e1a\u0e1b\u0e25\u0e32\u0e40\u0e19\u0e37\u0e49\u0e2d\u0e21\u0e31\u0e19\u0e41\u0e25\u0e30\u0e2d\u0e32\u0e2b\u0e32\u0e23\u0e17\u0e30\u0e40\u0e25\u0e21\u0e35\u0e40\u0e1b\u0e25\u0e37\u0e2d\u0e01 \u0e19\u0e2d\u0e01\u0e08\u0e32\u0e01\u0e19\u0e35\u0e49\u0e22\u0e31\u0e07\u0e40\u0e2b\u0e21\u0e32\u0e30\u0e01\u0e31\u0e1a\u0e0a\u0e32\u0e23\u0e4c\u0e04\u0e39\u0e40\u0e17\u0e2d\u0e23\u0e35 (Charcuterie) \u0e41\u0e25\u0e30\u0e40\u0e19\u0e37\u0e49\u0e2d\u0e2a\u0e31\u0e15\u0e27\u0e4c\u0e17\u0e35\u0e48\u0e21\u0e35\u0e23\u0e2a\u0e0a\u0e32\u0e15\u0e34\u0e40\u0e02\u0e49\u0e21\u0e02\u0e49\u0e19 \u0e40\u0e0a\u0e48\u0e19 \u0e40\u0e1b\u0e47\u0e14<\/p>\n<p data-start=\"877\" data-end=\"896\"><strong data-start=\"877\" data-end=\"894\">\u0e40\u0e21\u0e19\u0e39\u0e17\u0e35\u0e48\u0e41\u0e19\u0e30\u0e19\u0e33:<\/strong><\/p>\n<ul data-start=\"897\" data-end=\"1015\">\n<li data-start=\"897\" data-end=\"918\">\n<p data-start=\"899\" data-end=\"918\">\u0e2d\u0e01\u0e40\u0e1b\u0e47\u0e14\u0e0b\u0e2d\u0e2a\u0e1c\u0e25\u0e44\u0e21\u0e49\u0e41\u0e14\u0e07<\/p>\n<\/li>\n<li data-start=\"919\" data-end=\"934\">\n<p data-start=\"921\" data-end=\"934\">\u0e17\u0e39\u0e19\u0e48\u0e32\u0e0b\u0e32\u0e0a\u0e34\u0e21\u0e34<\/p>\n<\/li>\n<li data-start=\"935\" data-end=\"960\">\n<p data-start=\"937\" data-end=\"960\">\u0e2d\u0e32\u0e2b\u0e32\u0e23\u0e40\u0e21\u0e14\u0e34\u0e40\u0e15\u0e2d\u0e23\u0e4c\u0e40\u0e23\u0e40\u0e19\u0e35\u0e22\u0e19<\/p>\n<\/li>\n<li data-start=\"961\" data-end=\"986\">\n<p data-start=\"963\" data-end=\"986\">\u0e2a\u0e49\u0e21\u0e15\u0e33\u0e21\u0e30\u0e25\u0e30\u0e01\u0e2d\u0e01\u0e31\u0e1a\u0e44\u0e01\u0e48\u0e22\u0e48\u0e32\u0e07<\/p>\n<\/li>\n<li data-start=\"987\" data-end=\"1015\">\n<p data-start=\"989\" data-end=\"1015\">\u0e42\u0e04\u0e25\u0e14\u0e4c\u0e04\u0e31\u0e17\u0e40\u0e2a\u0e34\u0e23\u0e4c\u0e1f\u0e04\u0e39\u0e48\u0e04\u0e23\u0e35\u0e21\u0e0a\u0e35\u0e2a<\/p>\n<\/li>\n<\/ul>\n<hr data-start=\"1017\" data-end=\"1020\" \/>\n<h2 data-start=\"1022\" data-end=\"1056\">\u0e28\u0e31\u0e01\u0e22\u0e20\u0e32\u0e1e\u0e01\u0e32\u0e23\u0e1a\u0e48\u0e21 (Aging Potential)<\/h2>\n<p data-start=\"1058\" data-end=\"1070\" data-is-last-node=\"\" data-is-only-node=\"\">\u0e21\u0e32\u0e01\u0e01\u0e27\u0e48\u0e32 5 \u0e1b\u0e35<\/p>\n","protected":false},"excerpt":{"rendered":"<p><span class=\"hover:entity-accent entity-underline inline cursor-pointer align-baseline\"><span class=\"whitespace-normal\">Ruinart<\/span><\/span> Ros\u00e9 \u0e40\u0e1b\u0e47\u0e19\u0e01\u0e32\u0e23\u0e1c\u0e2a\u0e21\u0e1c\u0e2a\u0e32\u0e19\u0e23\u0e30\u0e2b\u0e27\u0e48\u0e32\u0e07\u0e04\u0e27\u0e32\u0e21\u0e2a\u0e14\u0e0a\u0e37\u0e48\u0e19\u0e02\u0e2d\u0e07 Chardonnay \u0e41\u0e25\u0e30\u0e04\u0e27\u0e32\u0e21\u0e2b\u0e2d\u0e21\u0e1c\u0e25\u0e44\u0e21\u0e49\u0e02\u0e2d\u0e07 Pinot Noir<\/p>\n","protected":false},"featured_media":2152,"comment_status":"open","ping_status":"closed","template":"","meta":{"_acf_changed":false,"_seopress_robots_primary_cat":"none","_seopress_titles_title":"Ruinart Rose 75cl | Champagne Pinot Noir-Chardonnay | Buy Online","_seopress_titles_desc":"Buy Ruinart Rose non-vintage. A premium bottle from LVMH group only available for purchase online at WSA Bangkok. Enjoy delivery in Thailand.","_seopress_robots_index":""},"product_brand":[],"product_cat":[54,57,56],"product_tag":[],"class_list":{"0":"post-2147","1":"product","2":"type-product","3":"status-publish","4":"has-post-thumbnail","6":"product_cat-54","7":"product_cat-57","8":"product_cat-56","10":"first","11":"instock","12":"sale","13":"virtual","14":"purchasable","15":"product-type-simple"},"acf":[],"_links":{"self":[{"href":"https:\/\/wsa-bangkok.com\/th\/wp-json\/wp\/v2\/product\/2147","targetHints":{"allow":["GET"]}}],"collection":[{"href":"https:\/\/wsa-bangkok.com\/th\/wp-json\/wp\/v2\/product"}],"about":[{"href":"https:\/\/wsa-bangkok.com\/th\/wp-json\/wp\/v2\/types\/product"}],"replies":[{"embeddable":true,"href":"https:\/\/wsa-bangkok.com\/th\/wp-json\/wp\/v2\/comments?post=2147"}],"version-history":[{"count":3,"href":"https:\/\/wsa-bangkok.com\/th\/wp-json\/wp\/v2\/product\/2147\/revisions"}],"predecessor-version":[{"id":2159,"href":"https:\/\/wsa-bangkok.com\/th\/wp-json\/wp\/v2\/product\/2147\/revisions\/2159"}],"wp:featuredmedia":[{"embeddable":true,"href":"https:\/\/wsa-bangkok.com\/th\/wp-json\/wp\/v2\/media\/2152"}],"wp:attachment":[{"href":"https:\/\/wsa-bangkok.com\/th\/wp-json\/wp\/v2\/media?parent=2147"}],"wp:term":[{"taxonomy":"product_brand","embeddable":true,"href":"https:\/\/wsa-bangkok.com\/th\/wp-json\/wp\/v2\/product_brand?post=2147"},{"taxonomy":"product_cat","embeddable":true,"href":"https:\/\/wsa-bangkok.com\/th\/wp-json\/wp\/v2\/product_cat?post=2147"},{"taxonomy":"product_tag","embeddable":true,"href":"https:\/\/wsa-bangkok.com\/th\/wp-json\/wp\/v2\/product_tag?post=2147"}],"curies":[{"name":"wp","href":"https:\/\/api.w.org\/{rel}","templated":true}]}}